{"id":99,"date":"2013-05-04T13:54:32","date_gmt":"2013-05-04T11:54:32","guid":{"rendered":"http:\/\/chronik.mellnau.de\/?page_id=99"},"modified":"2013-05-04T13:54:39","modified_gmt":"2013-05-04T11:54:39","slug":"contactus","status":"publish","type":"page","link":"https:\/\/chronik.mellnau.de\/?page_id=99","title":{"rendered":"Kontakt"},"content":{"rendered":"<p><span class=\"initialcap\">B<\/span><br>etreiber dieser Website und Inhaltlich Verantwortlicher f\u00fcr www.mellnau.de gem\u00e4\u00df\u00a0\u00a0\u00a0 \u00a7 10 Abs. 3 MDStV ist:<\/p>\n<ul>\n<li>Rubens Yanes-<wbr \/>Tittel<\/li>\n<li>Burgstra\u00dfe 23<\/li>\n<li>35083 Wetter-<wbr \/>Mellnau<\/li>\n<li>E-<wbr \/>Mail: <a href=\"mailto:info@mellnau.de?subject=Mein Besuch auf der Mellnau-Website&amp;body=Ihre Nachricht an den Mellnau-Webmaster:\">info@mellnau.de<\/a><\/li>\n<\/ul>\n<p>Ziel dieser Seiten ist es, Informationen in\/aus und \u00fcber Mellnau zu erhalten, sowie\u00a0\u00a0\u00a0 den Bekanntheits-<wbr \/> und Beliebtheitsgrad von Mellnau zu steigern. Der Betrieb der Seiten erfolgt nicht kommerziell, sondern rein gemeinn\u00fctzig.<\/p>\n<p>Wer sich mit Inhalten und Hinweisen\u00a0an dieser Webseite beteiligen m\u00f6chte, wendet sich an <a href=\"http:\/\/ditze.net\">Andreas Ditze<\/a>, <a href=\"mailto:andreas.ditze@mellnau.de\">andreas.ditze@mellnau.de<\/a><\/p>\n<h3>Haftungsausschluss<\/h3>\n<p>1. Inhalt des Onlineangebotes<\/p>\n<p>Der Autor \u00fcbernimmt keinerlei Gew\u00e4hr f\u00fcr die Aktualit\u00e4t, Korrektheit, Vollst\u00e4ndigkeit\u00a0\u00a0\u00a0 oder Qualit\u00e4t der bereitgestellten Informationen. Haftungsanspr\u00fcche gegen den Autor,\u00a0\u00a0\u00a0 welche sich auf Sch\u00e4den materieller oder ideeller Art beziehen, die durch die Nutzung\u00a0\u00a0\u00a0 oder Nichtnutzung der dargebotenen Informationen bzw. durch die Nutzung fehlerhafter\u00a0\u00a0\u00a0 und unvollst\u00e4ndiger Informationen verursacht wurden sind grunds\u00e4tzlich ausgeschlossen,\u00a0\u00a0\u00a0 sofern seitens des Autors kein nachweislich vors\u00e4tzliches oder grob fahrl\u00e4ssiges\u00a0\u00a0\u00a0 Verschulden vorliegt.<\/p>\n<p>Alle Angebote sind freibleibend und unverbindlich. Der Autor beh\u00e4lt es sich ausdr\u00fccklich\u00a0\u00a0\u00a0 vor, Teile der Seiten oder das gesamte Angebot ohne gesonderte Ank\u00fcndigung zu ver\u00e4ndern,\u00a0\u00a0\u00a0 zu erg\u00e4nzen, zu l\u00f6schen oder die Ver\u00f6ffentlichung zeitweise oder endg\u00fcltig einzustellen.<\/p>\n<p>2. Verweise und Links<\/p>\n<p>Bei direkten oder indirekten Verweisen auf fremde Internetseiten (&#8222;Links&#8220;), die au\u00dferhalb\u00a0\u00a0\u00a0 des Verantwortungsbereiches des Autors liegen, w\u00fcrde eine Haftungsverpflichtung ausschlie\u00dflich\u00a0\u00a0\u00a0 in dem Fall in Kraft treten, in dem der Autor von den Inhalten Kenntnis hat und es\u00a0\u00a0\u00a0 ihm technisch m\u00f6glich und zumutbar w\u00e4re, die Nutzung im Falle rechtswidriger Inhalte\u00a0\u00a0\u00a0 zu verhindern.<\/p>\n<p>Der Autor erkl\u00e4rt hiermit ausdr\u00fccklich, dass zum Zeitpunkt der Linksetzung die entsprechenden\u00a0\u00a0\u00a0 verlinkten Seiten frei von illegalen Inhalten waren. Auf die aktuelle und zuk\u00fcnftige\u00a0\u00a0\u00a0 Gestaltung, die Inhalte oder die Urheberschaft der gelinkten\/verkn\u00fcpften Seiten hat\u00a0\u00a0\u00a0 der Autor keinerlei Einfluss. Deshalb distanziert er sich hiermit ausdr\u00fccklich von\u00a0\u00a0\u00a0 allen Inhalten aller gelinkten \/verkn\u00fcpften Seiten, die nach der Linksetzung ver\u00e4ndert\u00a0\u00a0\u00a0 wurden. Diese Feststellung gilt f\u00fcr alle innerhalb des eigenen Internetangebotes\u00a0\u00a0\u00a0 gesetzten Links und Verweise sowie f\u00fcr Fremdeintr\u00e4ge in vom Autor eingerichteten\u00a0\u00a0\u00a0 G\u00e4steb\u00fcchern, Diskussionsforen und Mailinglisten. F\u00fcr illegale, fehlerhafte oder\u00a0\u00a0\u00a0 unvollst\u00e4ndige Inhalte und insbesondere f\u00fcr Sch\u00e4den, die aus der Nutzung oder Nichtnutzung\u00a0\u00a0\u00a0 solcherart dargebotener Informationen entstehen, haftet allein der Anbieter der Seite,\u00a0\u00a0\u00a0 auf welche verwiesen wurde, nicht derjenige, der \u00fcber Links auf die jeweilige Ver\u00f6ffentlichung\u00a0\u00a0\u00a0 lediglich verweist.<\/p>\n<p>3. Urheber-<wbr \/> und Kennzeichenrecht<\/p>\n<p>Der Autor ist bestrebt, in allen Publikationen die Urheberrechte der verwendeten\u00a0\u00a0\u00a0 Grafiken, Tondokumente, Videosequenzen und Texte zu beachten, von ihm selbst erstellte\u00a0\u00a0\u00a0 Grafiken, Tondokumente, Videosequenzen und Texte zu nutzen oder auf lizenzfreie Grafiken,\u00a0\u00a0\u00a0 Tondokumente, Videosequenzen und Texte zur\u00fcckzugreifen.<\/p>\n<p>Alle innerhalb des Internetangebotes genannten und ggf. durch Dritte gesch\u00fctzten\u00a0\u00a0\u00a0 Marken-<wbr \/> und Warenzeichen unterliegen uneingeschr\u00e4nkt den Bestimmungen des jeweils\u00a0\u00a0\u00a0 g\u00fcltigen Kennzeichenrechts und den Besitzrechten der jeweiligen eingetragenen Eigent\u00fcmer.\u00a0\u00a0\u00a0 Allein aufgrund der blo\u00dfen Nennung ist nicht der Schluss zu ziehen, dass Markenzeichen\u00a0\u00a0\u00a0 nicht durch Rechte Dritter gesch\u00fctzt sind!<\/p>\n<p>Das Copyright f\u00fcr ver\u00f6ffentlichte, vom Autor selbst erstellte Objekte bleibt allein\u00a0\u00a0\u00a0 beim Autor der Seiten. Eine Vervielf\u00e4ltigung oder Verwendung solcher Grafiken, Tondokumente,\u00a0\u00a0\u00a0 Videosequenzen und Texte in anderen elektronischen oder gedruckten Publikationen\u00a0\u00a0\u00a0 ist ohne ausdr\u00fcckliche Zustimmung des Autors nicht gestattet.<\/p>\n<p>4. Datenschutz<\/p>\n<p>Sofern innerhalb des Internetangebotes die M\u00f6glichkeit zur Eingabe pers\u00f6nlicher oder\u00a0\u00a0\u00a0 gesch\u00e4ftlicher Daten (E-<wbr \/>Mail Adressen, Namen, Anschriften) besteht, so erfolgt die\u00a0\u00a0\u00a0 Preisgabe dieser Daten seitens des Nutzers auf ausdr\u00fccklich freiwilliger Basis. Die\u00a0\u00a0\u00a0 Inanspruchnahme und Bezahlung aller angebotenen Dienste ist &#8211;<wbr \/> soweit technisch m\u00f6glich\u00a0\u00a0\u00a0 und zumutbar &#8211;<wbr \/> auch ohne Angabe solcher Daten bzw. unter Angabe anonymisierter Daten\u00a0\u00a0\u00a0 oder eines Pseudonyms gestattet.<\/p>\n<p>Diese Website benutzt Google Analytics, einen Webanalysedienst der Google Inc. (\u201cGoogle\u201c).\u00a0\u00a0\u00a0\u00a0 Google Analytics verwendet sog. \u201cCookies\u201c, Textdateien, die auf Ihrem Computer gespeichert\u00a0\u00a0\u00a0 werden und die eine Analyse der Benutzung der Website durch Sie erm\u00f6glicht. Die durch\u00a0\u00a0\u00a0 den Cookie erzeugten Informationen \u00fcber Ihre Benutzung diese Website (einschlie\u00dflich\u00a0\u00a0\u00a0 Ihrer IP-<wbr \/>Adresse) wird an einen Server von Google in den USA \u00fcbertragen und dort\u00a0\u00a0\u00a0 gespeichert. Google wird diese Informationen benutzen, um Ihre Nutzung der Website\u00a0\u00a0\u00a0 auszuwerten, um Reports \u00fcber die Websiteaktivit\u00e4ten zusammenzustellen und um weitere\u00a0\u00a0\u00a0 mit der Websitenutzung und der Internetnutzung verbundene Dienstleistungen zu erbringen.\u00a0\u00a0\u00a0 Auch wird Google diese Informationen gegebenenfalls an Dritte \u00fcbertragen, sofern\u00a0\u00a0\u00a0 dies gesetzlich vorgeschrieben ist oder soweit Dritte diese Daten im Auftrag von\u00a0\u00a0\u00a0 Google verarbeiten. Google wird in keinem Fall Ihre IP-<wbr \/>Adresse mit anderen Daten\u00a0\u00a0\u00a0 von Google in Verbindung bringen. Sie k\u00f6nnen die Installation der Cookies durch eine\u00a0\u00a0\u00a0 entsprechende Einstellung Ihrer Browser-<wbr \/>Software verhindern; wir weisen Sie jedoch\u00a0\u00a0\u00a0 darauf hin, dass Sie in diesem Fall gegebenenfalls nicht s\u00e4mtliche Funktionen dieser\u00a0\u00a0\u00a0 Website voll umf\u00e4nglich nutzen k\u00f6nnen. Durch die Nutzung dieser Website erkl\u00e4ren\u00a0\u00a0\u00a0 Sie sich mit der Bearbeitung der \u00fcber Sie erhobenen Daten durch Google in der zuvor\u00a0\u00a0\u00a0 beschriebenen Art und Weise und zu dem zuvor benannten Zweck einverstanden.<\/p>\n<p>5. Rechtswirksamkeit dieses Haftungsausschlusses<\/p>\n<p>Dieser Haftungsausschluss ist als Teil des Internetangebotes zu betrachten, von dem\u00a0\u00a0\u00a0 aus auf diese Seite verwiesen wurde. Sofern Teile oder einzelne Formulierungen dieses\u00a0\u00a0\u00a0 Textes der geltenden Rechtslage nicht, nicht mehr oder nicht vollst\u00e4ndig entsprechen\u00a0\u00a0\u00a0 sollten, bleiben die \u00fcbrigen Teile des Dokumentes in ihrem Inhalt und ihrer G\u00fcltigkeit\u00a0\u00a0\u00a0 davon unber\u00fchrt.<\/p>\n","protected":false},"excerpt":{"rendered":"<p>Betreiber dieser Website und Inhaltlich Verantwortlicher f\u00fcr www.mellnau.de gem\u00e4\u00df\u00a0\u00a0\u00a0 \u00a7 10 Abs. 3 MDStV ist: Rubens Yanes-Tittel Burgstra\u00dfe 23 35083 Wetter-Mellnau E-Mail: info@mellnau.de Ziel dieser Seiten ist es, Informationen in\/aus und \u00fcber Mellnau zu erhalten, sowie\u00a0\u00a0\u00a0 den Bekanntheits- und Beliebtheitsgrad von Mellnau zu steigern. Der Betrieb der Seiten erfolgt nicht kommerziell, sondern rein gemeinn\u00fctzig. Wer [&hellip;]<\/p>\n","protected":false},"author":2,"featured_media":0,"parent":0,"menu_order":0,"comment_status":"open","ping_status":"open","template":"","meta":{"footnotes":""},"class_list":["post-99","page","type-page","status-publish","hentry"],"_links":{"self":[{"href":"https:\/\/chronik.mellnau.de\/index.php?rest_route=\/wp\/v2\/pages\/99","targetHints":{"allow":["GET"]}}],"collection":[{"href":"https:\/\/chronik.mellnau.de\/index.php?rest_route=\/wp\/v2\/pages"}],"about":[{"href":"https:\/\/chronik.mellnau.de\/index.php?rest_route=\/wp\/v2\/types\/page"}],"author":[{"embeddable":true,"href":"https:\/\/chronik.mellnau.de\/index.php?rest_route=\/wp\/v2\/users\/2"}],"replies":[{"embeddable":true,"href":"https:\/\/chronik.mellnau.de\/index.php?rest_route=%2Fwp%2Fv2%2Fcomments&post=99"}],"version-history":[{"count":4,"href":"https:\/\/chronik.mellnau.de\/index.php?rest_route=\/wp\/v2\/pages\/99\/revisions"}],"predecessor-version":[{"id":103,"href":"https:\/\/chronik.mellnau.de\/index.php?rest_route=\/wp\/v2\/pages\/99\/revisions\/103"}],"wp:attachment":[{"href":"https:\/\/chronik.mellnau.de\/index.php?rest_route=%2Fwp%2Fv2%2Fmedia&parent=99"}],"curies":[{"name":"wp","href":"https:\/\/api.w.org\/{rel}","templated":true}]}}