{"id":42,"date":"2013-04-27T22:36:39","date_gmt":"2013-04-27T20:36:39","guid":{"rendered":"http:\/\/chronik.mellnau.de\/?page_id=42"},"modified":"2013-04-28T15:01:47","modified_gmt":"2013-04-28T13:01:47","slug":"die-chronik-von-mellnau","status":"publish","type":"page","link":"https:\/\/chronik.mellnau.de\/","title":{"rendered":"Die Chronik von Mellnau"},"content":{"rendered":"<p><span class=\"initialcap\">D<\/span><br>er Festausschuss zur 750 Jahr Feier der Burg Mellnau hat auf dieser Website die Geschichte der Burg und des Ortes Mellnau zusammengefasst. Wir ver\u00f6ffentlichen hier sowohl historische als auch zeitgen\u00f6ssische Schriften. Alle Heimatforscher und Chronisten, die sich an dem Projekt beteiligen m\u00f6chten, sind herzlich zur Teilnahme eingeladen.<\/p>\n<p>Am linken Rand sind alle bisherigen Beitr\u00e4ge aufgef\u00fchrt:<\/p>\n<ul>\n<li>Eine \u00dcbersicht zur Burggeschichte gibt der Bericht von Peter Engel <a title=\"750 Jahre Burg Mellnau\" href=\"https:\/\/chronik.mellnau.de\/?p=46\">750 Jahre Burg Mellnau.<\/a><\/li>\n<li>Einen detaillierten historischen Abriss liefert die <a title=\"Die Geschichte der Burg Mellnau\" href=\"https:\/\/chronik.mellnau.de\/?p=15\">Festschrift zur Jubil\u00e4umsfeier 700 Jahre Burg Mellnau<\/a> von Dr. Jakob Henseling.<\/li>\n<li><a title=\"Das preisgekr\u00f6nte Dorf\" href=\"https:\/\/chronik.mellnau.de\/?p=83\">Das\u00a0preisgekr\u00f6nte Dorf<\/a>\u00a0vom Heimatdichter Heinrich Bastian<\/li>\n<\/ul>\n<p>Planung, Berichte und Bilder zur 750 Jahr Feier der Burg Mellnau im Jahre 2013 finden sich auf <a href=\"http:\/\/750.mellnau.de\">750.mellnau.de<\/a><\/p>\n<p><em>Der Festausschuss zur 750 Jahr Feier der Burg Mellnau<\/em><br \/>\n<em> eine Abteilung der Mellnauer Vereinsgemeinschaft e.V.<\/em><br \/>\n<em> <a href=\"mailto:festausschuss@mellnau.de\">festausschuss@mellnau.de<\/a><\/em><\/p>\n<p>&nbsp;<\/p>\n","protected":false},"excerpt":{"rendered":"<p>Der Festausschuss zur 750 Jahr Feier der Burg Mellnau hat auf dieser Website die Geschichte der Burg und des Ortes Mellnau zusammengefasst. Wir ver\u00f6ffentlichen hier sowohl historische als auch zeitgen\u00f6ssische Schriften. Alle Heimatforscher und Chronisten, die sich an dem Projekt beteiligen m\u00f6chten, sind herzlich zur Teilnahme eingeladen. Am linken Rand sind alle bisherigen Beitr\u00e4ge aufgef\u00fchrt: [&hellip;]<\/p>\n","protected":false},"author":2,"featured_media":0,"parent":0,"menu_order":0,"comment_status":"open","ping_status":"open","template":"","meta":{"footnotes":""},"class_list":["post-42","page","type-page","status-publish","hentry"],"_links":{"self":[{"href":"https:\/\/chronik.mellnau.de\/index.php?rest_route=\/wp\/v2\/pages\/42","targetHints":{"allow":["GET"]}}],"collection":[{"href":"https:\/\/chronik.mellnau.de\/index.php?rest_route=\/wp\/v2\/pages"}],"about":[{"href":"https:\/\/chronik.mellnau.de\/index.php?rest_route=\/wp\/v2\/types\/page"}],"author":[{"embeddable":true,"href":"https:\/\/chronik.mellnau.de\/index.php?rest_route=\/wp\/v2\/users\/2"}],"replies":[{"embeddable":true,"href":"https:\/\/chronik.mellnau.de\/index.php?rest_route=%2Fwp%2Fv2%2Fcomments&post=42"}],"version-history":[{"count":0,"href":"https:\/\/chronik.mellnau.de\/index.php?rest_route=\/wp\/v2\/pages\/42\/revisions"}],"wp:attachment":[{"href":"https:\/\/chronik.mellnau.de\/index.php?rest_route=%2Fwp%2Fv2%2Fmedia&parent=42"}],"curies":[{"name":"wp","href":"https:\/\/api.w.org\/{rel}","templated":true}]}}